{"id":474,"date":"2026-02-17T10:02:25","date_gmt":"2026-02-17T10:02:25","guid":{"rendered":"https:\/\/nordipack.com\/cart\/"},"modified":"2026-03-25T13:30:41","modified_gmt":"2026-03-25T13:30:41","slug":"cart","status":"publish","type":"page","link":"https:\/\/nordipack.com\/lt\/cart\/","title":{"rendered":"Krep\u0161elis"},"content":{"rendered":"<div data-block-name=\"woocommerce\/cart\" class=\"wp-block-woocommerce-cart alignwide is-loading\">\n<div data-block-name=\"woocommerce\/filled-cart-block\" class=\"wp-block-woocommerce-filled-cart-block\">\n<div data-block-name=\"woocommerce\/cart-items-block\" class=\"wp-block-woocommerce-cart-items-block\">\n<div data-block-name=\"woocommerce\/cart-line-items-block\" class=\"wp-block-woocommerce-cart-line-items-block\"><\/div>\n\n\n<\/div>\n\n\n\n\n<div data-block-name=\"woocommerce\/cart-totals-block\" class=\"wp-block-woocommerce-cart-totals-block\">\n<div data-block-name=\"woocommerce\/cart-order-summary-block\" class=\"wp-block-woocommerce-cart-order-summary-block\">\n<div data-block-name=\"woocommerce\/cart-order-summary-heading-block\" class=\"wp-block-woocommerce-cart-order-summary-heading-block\"><\/div><div data-block-name=\"woocommerce\/cart-order-summary-coupon-form-block\" class=\"wp-block-woocommerce-cart-order-summary-coupon-form-block\"><\/div><div data-block-name=\"woocommerce\/cart-order-summary-totals-block\" class=\"wp-block-woocommerce-cart-order-summary-totals-block\">\n<div data-block-name=\"woocommerce\/cart-order-summary-subtotal-block\" class=\"wp-block-woocommerce-cart-order-summary-subtotal-block\"><\/div>\n<div data-block-name=\"woocommerce\/cart-order-summary-discount-block\" class=\"wp-block-woocommerce-cart-order-summary-discount-block\"><\/div>\n<div data-block-name=\"woocommerce\/cart-order-summary-fee-block\" class=\"wp-block-woocommerce-cart-order-summary-fee-block\"><\/div>\n<div data-block-name=\"woocommerce\/cart-order-summary-shipping-block\" class=\"wp-block-woocommerce-cart-order-summary-shipping-block\"><\/div>\n<div data-block-name=\"woocommerce\/cart-order-summary-taxes-block\" class=\"wp-block-woocommerce-cart-order-summary-taxes-block\"><\/div><\/div>\n<\/div>\n\n\n\n<div data-block-name=\"woocommerce\/cart-express-payment-block\" class=\"wp-block-woocommerce-cart-express-payment-block\"><\/div>\n\n\n\n<div data-block-name=\"woocommerce\/proceed-to-checkout-block\" class=\"wp-block-woocommerce-proceed-to-checkout-block\"><\/div>\n\n\n\n<div data-block-name=\"woocommerce\/cart-accepted-payment-methods-block\" class=\"wp-block-woocommerce-cart-accepted-payment-methods-block\"><\/div>\n<\/div>\n<\/div>\n\n\n\n<div data-block-name=\"woocommerce\/empty-cart-block\" class=\"wp-block-woocommerce-empty-cart-block\">\n<h2 class=\"wp-block-heading has-text-align-center with-empty-cart-icon wc-block-cart__empty-cart__title\">Your cart is currently empty!<\/h2>\n\n\n\n<hr class=\"wp-block-separator has-alpha-channel-opacity is-style-dots\"\/>\n\n\n\n<h2 class=\"wp-block-heading has-text-align-center\">New in store<\/h2>\n\n\n<div data-block-name=\"woocommerce\/product-new\" data-columns=\"4\" data-rows=\"1\" class=\"wc-block-grid wp-block-product-new wp-block-woocommerce-product-new wc-block-product-new has-4-columns\"><ul class=\"wc-block-grid__products\"><li class=\"wc-block-grid__product\">\n\t\t\t\t<a href=\"https:\/\/nordipack.com\/lt\/produktas\/noodle-box\/\" class=\"wc-block-grid__product-link\">\n\t\t\t\t\t\n\t\t\t\t\t<div class=\"wc-block-grid__product-image\"><img loading=\"lazy\" decoding=\"async\" width=\"300\" height=\"284\" src=\"https:\/\/nordipack.com\/wp-content\/uploads\/2026\/02\/takeout-box-300x284.png\" class=\"attachment-woocommerce_thumbnail size-woocommerce_thumbnail\" alt=\"Noodle box\" \/><\/div>\n\t\t\t\t\t<div class=\"wc-block-grid__product-title\">Makaron\u0173 d\u0117\u017eut\u0117<\/div>\n\t\t\t\t<\/a>\n\t\t\t\t<div class=\"wc-block-grid__product-price price\"><span class=\"woocommerce-Price-amount amount\"><span class=\"woocommerce-Price-currencySymbol\">\u20ac<\/span>0.10<\/span><\/div>\n\t\t\t\t\n\t\t\t\t<div class=\"wp-block-button wc-block-grid__product-add-to-cart\"><a href=\"\/lt\/wp-json\/wp\/v2\/pages\/474?add-to-cart=660\" aria-label=\"Add to cart: &ldquo;Noodle box&rdquo;\" data-quantity=\"1\" data-product_id=\"660\" data-product_sku=\"NOODLE-BOX\" data-price=\"0.1\" rel=\"nofollow\" class=\"wp-block-button__link  add_to_cart_button ajax_add_to_cart\">\u012e krem\u0161el\u012f<\/a><\/div>\n\t\t\t<\/li><li class=\"wc-block-grid__product\">\n\t\t\t\t<a href=\"https:\/\/nordipack.com\/lt\/produktas\/food-bag\/\" class=\"wc-block-grid__product-link\">\n\t\t\t\t\t\n\t\t\t\t\t<div class=\"wc-block-grid__product-image\"><img loading=\"lazy\" decoding=\"async\" width=\"300\" height=\"300\" src=\"https:\/\/nordipack.com\/wp-content\/uploads\/2026\/02\/417616739_11663998-1-300x300.png\" class=\"attachment-woocommerce_thumbnail size-woocommerce_thumbnail\" alt=\"Food bag\" srcset=\"https:\/\/nordipack.com\/wp-content\/uploads\/2026\/02\/417616739_11663998-1-300x300.png 300w, https:\/\/nordipack.com\/wp-content\/uploads\/2026\/02\/417616739_11663998-1-100x100.png 100w, https:\/\/nordipack.com\/wp-content\/uploads\/2026\/02\/417616739_11663998-1-150x150.png 150w\" sizes=\"auto, (max-width: 300px) 100vw, 300px\" \/><\/div>\n\t\t\t\t\t<div class=\"wc-block-grid__product-title\">Maisto mai\u0161elis<\/div>\n\t\t\t\t<\/a>\n\t\t\t\t<div class=\"wc-block-grid__product-price price\"><span class=\"woocommerce-Price-amount amount\"><span class=\"woocommerce-Price-currencySymbol\">\u20ac<\/span>0.12<\/span><\/div>\n\t\t\t\t\n\t\t\t\t<div class=\"wp-block-button wc-block-grid__product-add-to-cart\"><a href=\"\/lt\/wp-json\/wp\/v2\/pages\/474?add-to-cart=659\" aria-label=\"Add to cart: &ldquo;Food bag&rdquo;\" data-quantity=\"1\" data-product_id=\"659\" data-product_sku=\"FOOD-BAG\" data-price=\"0.12\" rel=\"nofollow\" class=\"wp-block-button__link  add_to_cart_button ajax_add_to_cart\">\u012e krem\u0161el\u012f<\/a><\/div>\n\t\t\t<\/li><li class=\"wc-block-grid__product\">\n\t\t\t\t<a href=\"https:\/\/nordipack.com\/lt\/produktas\/bowl-box\/\" class=\"wc-block-grid__product-link\">\n\t\t\t\t\t\n\t\t\t\t\t<div class=\"wc-block-grid__product-image\"><img loading=\"lazy\" decoding=\"async\" width=\"300\" height=\"281\" src=\"https:\/\/nordipack.com\/wp-content\/uploads\/2026\/02\/Circular-box-300x281.png\" class=\"attachment-woocommerce_thumbnail size-woocommerce_thumbnail\" alt=\"Bowl box\" \/><\/div>\n\t\t\t\t\t<div class=\"wc-block-grid__product-title\">Duben\u0117li\u0173 d\u0117\u017eut\u0117<\/div>\n\t\t\t\t<\/a>\n\t\t\t\t<div class=\"wc-block-grid__product-price price\"><span class=\"woocommerce-Price-amount amount\"><span class=\"woocommerce-Price-currencySymbol\">\u20ac<\/span>0.10<\/span><\/div>\n\t\t\t\t\n\t\t\t\t<div class=\"wp-block-button wc-block-grid__product-add-to-cart\"><a href=\"\/lt\/wp-json\/wp\/v2\/pages\/474?add-to-cart=658\" aria-label=\"Add to cart: &ldquo;Bowl box&rdquo;\" data-quantity=\"1\" data-product_id=\"658\" data-product_sku=\"BOWL-BOX\" data-price=\"0.1\" rel=\"nofollow\" class=\"wp-block-button__link  add_to_cart_button ajax_add_to_cart\">\u012e krem\u0161el\u012f<\/a><\/div>\n\t\t\t<\/li><li class=\"wc-block-grid__product\">\n\t\t\t\t<a href=\"https:\/\/nordipack.com\/lt\/produktas\/burger-box\/\" class=\"wc-block-grid__product-link\">\n\t\t\t\t\t\n\t\t\t\t\t<div class=\"wc-block-grid__product-image\"><img loading=\"lazy\" decoding=\"async\" width=\"300\" height=\"300\" src=\"https:\/\/nordipack.com\/wp-content\/uploads\/2026\/02\/31625826_7861355-1-300x300.png\" class=\"attachment-woocommerce_thumbnail size-woocommerce_thumbnail\" alt=\"Burger box\" srcset=\"https:\/\/nordipack.com\/wp-content\/uploads\/2026\/02\/31625826_7861355-1-300x300.png 300w, https:\/\/nordipack.com\/wp-content\/uploads\/2026\/02\/31625826_7861355-1-100x100.png 100w, https:\/\/nordipack.com\/wp-content\/uploads\/2026\/02\/31625826_7861355-1-150x150.png 150w\" sizes=\"auto, (max-width: 300px) 100vw, 300px\" \/><\/div>\n\t\t\t\t\t<div class=\"wc-block-grid__product-title\">M\u0117saini\u0173 d\u0117\u017eut\u0117<\/div>\n\t\t\t\t<\/a>\n\t\t\t\t<div class=\"wc-block-grid__product-price price\"><span class=\"woocommerce-Price-amount amount\"><span class=\"woocommerce-Price-currencySymbol\">\u20ac<\/span>0.10<\/span><\/div>\n\t\t\t\t\n\t\t\t\t<div class=\"wp-block-button wc-block-grid__product-add-to-cart\"><a href=\"\/lt\/wp-json\/wp\/v2\/pages\/474?add-to-cart=657\" aria-label=\"Add to cart: &ldquo;Burger box&rdquo;\" data-quantity=\"1\" data-product_id=\"657\" data-product_sku=\"BURGER-BOX\" data-price=\"0.1\" rel=\"nofollow\" class=\"wp-block-button__link  add_to_cart_button ajax_add_to_cart\">\u012e krem\u0161el\u012f<\/a><\/div>\n\t\t\t<\/li><\/ul><\/div><\/div>\n<\/div>","protected":false},"excerpt":{"rendered":"","protected":false},"author":1,"featured_media":0,"parent":0,"menu_order":0,"comment_status":"closed","ping_status":"closed","template":"","meta":{"_acf_changed":false,"footnotes":""},"class_list":["post-474","page","type-page","status-publish","hentry"],"acf":[],"_links":{"self":[{"href":"https:\/\/nordipack.com\/lt\/wp-json\/wp\/v2\/pages\/474","targetHints":{"allow":["GET"]}}],"collection":[{"href":"https:\/\/nordipack.com\/lt\/wp-json\/wp\/v2\/pages"}],"about":[{"href":"https:\/\/nordipack.com\/lt\/wp-json\/wp\/v2\/types\/page"}],"author":[{"embeddable":true,"href":"https:\/\/nordipack.com\/lt\/wp-json\/wp\/v2\/users\/1"}],"replies":[{"embeddable":true,"href":"https:\/\/nordipack.com\/lt\/wp-json\/wp\/v2\/comments?post=474"}],"version-history":[{"count":10,"href":"https:\/\/nordipack.com\/lt\/wp-json\/wp\/v2\/pages\/474\/revisions"}],"predecessor-version":[{"id":1997,"href":"https:\/\/nordipack.com\/lt\/wp-json\/wp\/v2\/pages\/474\/revisions\/1997"}],"wp:attachment":[{"href":"https:\/\/nordipack.com\/lt\/wp-json\/wp\/v2\/media?parent=474"}],"curies":[{"name":"wp","href":"https:\/\/api.w.org\/{rel}","templated":true}]}}