{"id":2635,"date":"2026-04-19T11:34:11","date_gmt":"2026-04-19T11:34:11","guid":{"rendered":"https:\/\/nordipack.com\/?post_type=product&#038;p=2635"},"modified":"2026-04-19T11:44:12","modified_gmt":"2026-04-19T11:44:12","slug":"custom-pe-lined-paper-cups","status":"publish","type":"product","link":"https:\/\/nordipack.com\/lt\/produktas\/custom-pe-lined-paper-cups\/","title":{"rendered":"Custom PE-Lined Paper Cups"},"content":{"rendered":"","protected":false},"excerpt":{"rendered":"<p>I\u0161laikykite tvarum\u0105 naudodami m\u016bs\u0173 ekologi\u0161kas popierines pakuotes. M\u016bs\u0173 kompostuojami ir perdirbami produktai padeda s\u0105moningiems preki\u0173 \u017eenklams suma\u017einti savo poveik\u012f aplinkai.<\/p>","protected":false},"featured_media":479,"comment_status":"closed","ping_status":"closed","template":"","meta":{"_acf_changed":false},"product_brand":[],"product_cat":[16],"product_tag":[],"class_list":{"0":"post-2635","1":"product","2":"type-product","3":"status-publish","4":"has-post-thumbnail","6":"product_cat-cups","8":"first","9":"instock","10":"shipping-taxable","11":"purchasable","12":"product-type-variable"},"acf":[],"_links":{"self":[{"href":"https:\/\/nordipack.com\/lt\/wp-json\/wp\/v2\/product\/2635","targetHints":{"allow":["GET"]}}],"collection":[{"href":"https:\/\/nordipack.com\/lt\/wp-json\/wp\/v2\/product"}],"about":[{"href":"https:\/\/nordipack.com\/lt\/wp-json\/wp\/v2\/types\/product"}],"replies":[{"embeddable":true,"href":"https:\/\/nordipack.com\/lt\/wp-json\/wp\/v2\/comments?post=2635"}],"wp:featuredmedia":[{"embeddable":true,"href":"https:\/\/nordipack.com\/lt\/wp-json\/wp\/v2\/media\/479"}],"wp:attachment":[{"href":"https:\/\/nordipack.com\/lt\/wp-json\/wp\/v2\/media?parent=2635"}],"wp:term":[{"taxonomy":"product_brand","embeddable":true,"href":"https:\/\/nordipack.com\/lt\/wp-json\/wp\/v2\/product_brand?post=2635"},{"taxonomy":"product_cat","embeddable":true,"href":"https:\/\/nordipack.com\/lt\/wp-json\/wp\/v2\/product_cat?post=2635"},{"taxonomy":"product_tag","embeddable":true,"href":"https:\/\/nordipack.com\/lt\/wp-json\/wp\/v2\/product_tag?post=2635"}],"curies":[{"name":"wp","href":"https:\/\/api.w.org\/{rel}","templated":true}]}}