{"id":3168,"date":"2026-04-19T14:57:32","date_gmt":"2026-04-19T14:57:32","guid":{"rendered":"https:\/\/nordipack.com\/?post_type=product&#038;p=3168"},"modified":"2026-04-19T15:01:18","modified_gmt":"2026-04-19T15:01:18","slug":"custom-pizza-boxes","status":"publish","type":"product","link":"https:\/\/nordipack.com\/lt\/produktas\/custom-pizza-boxes\/","title":{"rendered":"Custom Pizza Boxes"},"content":{"rendered":"","protected":false},"excerpt":{"rendered":"<p>I\u0161laikykite tvarum\u0105 naudodami m\u016bs\u0173 ekologi\u0161kas popierines pakuotes. M\u016bs\u0173 kompostuojami ir perdirbami produktai padeda s\u0105moningiems preki\u0173 \u017eenklams suma\u017einti savo poveik\u012f aplinkai.<\/p>","protected":false},"featured_media":192,"comment_status":"open","ping_status":"closed","template":"","meta":{"_acf_changed":false},"product_brand":[],"product_cat":[23],"product_tag":[],"class_list":{"0":"post-3168","1":"product","2":"type-product","3":"status-publish","4":"has-post-thumbnail","6":"product_cat-boxes","8":"first","9":"instock","10":"shipping-taxable","11":"purchasable","12":"product-type-variable"},"acf":[],"_links":{"self":[{"href":"https:\/\/nordipack.com\/lt\/wp-json\/wp\/v2\/product\/3168","targetHints":{"allow":["GET"]}}],"collection":[{"href":"https:\/\/nordipack.com\/lt\/wp-json\/wp\/v2\/product"}],"about":[{"href":"https:\/\/nordipack.com\/lt\/wp-json\/wp\/v2\/types\/product"}],"replies":[{"embeddable":true,"href":"https:\/\/nordipack.com\/lt\/wp-json\/wp\/v2\/comments?post=3168"}],"wp:featuredmedia":[{"embeddable":true,"href":"https:\/\/nordipack.com\/lt\/wp-json\/wp\/v2\/media\/192"}],"wp:attachment":[{"href":"https:\/\/nordipack.com\/lt\/wp-json\/wp\/v2\/media?parent=3168"}],"wp:term":[{"taxonomy":"product_brand","embeddable":true,"href":"https:\/\/nordipack.com\/lt\/wp-json\/wp\/v2\/product_brand?post=3168"},{"taxonomy":"product_cat","embeddable":true,"href":"https:\/\/nordipack.com\/lt\/wp-json\/wp\/v2\/product_cat?post=3168"},{"taxonomy":"product_tag","embeddable":true,"href":"https:\/\/nordipack.com\/lt\/wp-json\/wp\/v2\/product_tag?post=3168"}],"curies":[{"name":"wp","href":"https:\/\/api.w.org\/{rel}","templated":true}]}}