{"id":478,"date":"2026-02-17T10:04:38","date_gmt":"2026-02-17T10:04:38","guid":{"rendered":"https:\/\/nordipack.com\/?post_type=product&#038;p=478"},"modified":"2026-03-29T18:07:49","modified_gmt":"2026-03-29T18:07:49","slug":"custom-coffee-cups","status":"publish","type":"product","link":"https:\/\/nordipack.com\/lt\/produktas\/custom-coffee-cups\/","title":{"rendered":"Individual\u016bs kavos puodeliai"},"content":{"rendered":"","protected":false},"excerpt":{"rendered":"<p>I\u0161laikykite tvarum\u0105 naudodami m\u016bs\u0173 ekologi\u0161kas popierines pakuotes. M\u016bs\u0173 kompostuojami ir perdirbami produktai padeda s\u0105moningiems preki\u0173 \u017eenklams suma\u017einti savo poveik\u012f aplinkai.<\/p>","protected":false},"featured_media":479,"comment_status":"closed","ping_status":"closed","template":"","meta":{"_acf_changed":false},"product_brand":[],"product_cat":[16],"product_tag":[],"class_list":{"0":"post-478","1":"product","2":"type-product","3":"status-publish","4":"has-post-thumbnail","6":"product_cat-cups","8":"first","9":"instock","10":"shipping-taxable","11":"purchasable","12":"product-type-variable"},"acf":[],"_links":{"self":[{"href":"https:\/\/nordipack.com\/lt\/wp-json\/wp\/v2\/product\/478","targetHints":{"allow":["GET"]}}],"collection":[{"href":"https:\/\/nordipack.com\/lt\/wp-json\/wp\/v2\/product"}],"about":[{"href":"https:\/\/nordipack.com\/lt\/wp-json\/wp\/v2\/types\/product"}],"replies":[{"embeddable":true,"href":"https:\/\/nordipack.com\/lt\/wp-json\/wp\/v2\/comments?post=478"}],"wp:featuredmedia":[{"embeddable":true,"href":"https:\/\/nordipack.com\/lt\/wp-json\/wp\/v2\/media\/479"}],"wp:attachment":[{"href":"https:\/\/nordipack.com\/lt\/wp-json\/wp\/v2\/media?parent=478"}],"wp:term":[{"taxonomy":"product_brand","embeddable":true,"href":"https:\/\/nordipack.com\/lt\/wp-json\/wp\/v2\/product_brand?post=478"},{"taxonomy":"product_cat","embeddable":true,"href":"https:\/\/nordipack.com\/lt\/wp-json\/wp\/v2\/product_cat?post=478"},{"taxonomy":"product_tag","embeddable":true,"href":"https:\/\/nordipack.com\/lt\/wp-json\/wp\/v2\/product_tag?post=478"}],"curies":[{"name":"wp","href":"https:\/\/api.w.org\/{rel}","templated":true}]}}