{"id":489,"date":"2026-02-17T10:40:23","date_gmt":"2026-02-17T10:40:23","guid":{"rendered":"https:\/\/nordipack.com\/?post_type=product&#038;p=489"},"modified":"2026-03-02T16:00:33","modified_gmt":"2026-03-02T16:00:33","slug":"pizza-box","status":"publish","type":"product","link":"https:\/\/nordipack.com\/lt\/produktas\/pizza-box\/","title":{"rendered":"Picos d\u0117\u017eut\u0117"},"content":{"rendered":"","protected":false},"excerpt":{"rendered":"<p>I\u0161laikykite tvarum\u0105 naudodami m\u016bs\u0173 ekologi\u0161kas popierines pakuotes. M\u016bs\u0173 kompostuojami ir perdirbami produktai padeda s\u0105moningiems preki\u0173 \u017eenklams suma\u017einti savo poveik\u012f aplinkai.<\/p>","protected":false},"featured_media":206,"comment_status":"open","ping_status":"closed","template":"","meta":{"_acf_changed":false},"product_brand":[],"product_cat":[17],"product_tag":[],"class_list":{"0":"post-489","1":"product","2":"type-product","3":"status-publish","4":"has-post-thumbnail","6":"product_cat-pizza-boxes","8":"first","9":"instock","10":"sale","11":"shipping-taxable","12":"purchasable","13":"product-type-variable","14":"has-default-attributes"},"acf":[],"_links":{"self":[{"href":"https:\/\/nordipack.com\/lt\/wp-json\/wp\/v2\/product\/489","targetHints":{"allow":["GET"]}}],"collection":[{"href":"https:\/\/nordipack.com\/lt\/wp-json\/wp\/v2\/product"}],"about":[{"href":"https:\/\/nordipack.com\/lt\/wp-json\/wp\/v2\/types\/product"}],"replies":[{"embeddable":true,"href":"https:\/\/nordipack.com\/lt\/wp-json\/wp\/v2\/comments?post=489"}],"wp:featuredmedia":[{"embeddable":true,"href":"https:\/\/nordipack.com\/lt\/wp-json\/wp\/v2\/media\/206"}],"wp:attachment":[{"href":"https:\/\/nordipack.com\/lt\/wp-json\/wp\/v2\/media?parent=489"}],"wp:term":[{"taxonomy":"product_brand","embeddable":true,"href":"https:\/\/nordipack.com\/lt\/wp-json\/wp\/v2\/product_brand?post=489"},{"taxonomy":"product_cat","embeddable":true,"href":"https:\/\/nordipack.com\/lt\/wp-json\/wp\/v2\/product_cat?post=489"},{"taxonomy":"product_tag","embeddable":true,"href":"https:\/\/nordipack.com\/lt\/wp-json\/wp\/v2\/product_tag?post=489"}],"curies":[{"name":"wp","href":"https:\/\/api.w.org\/{rel}","templated":true}]}}